{"id":5237,"date":"2021-04-07T21:20:58","date_gmt":"2021-04-07T21:20:58","guid":{"rendered":"https:\/\/comercializadoraegs.com\/?post_type=product&#038;p=5237"},"modified":"2026-01-15T22:51:43","modified_gmt":"2026-01-15T22:51:43","slug":"no-break-forza","status":"publish","type":"product","link":"https:\/\/comercializadoraegs.com\/es\/product\/no-break-forza\/","title":{"rendered":"NO BREAK (13.9*21.8*32Cm) FORZA"},"content":{"rendered":"<ul>\n<li>Sistema de alimentaci\u00f3n ininterrumpible<\/li>\n<li>Protecci\u00f3n el\u00e9ctrica para equipos de uso dom\u00e9stico y comercial<\/li>\n<li>Regulador de voltaje (AVR), corrige autom\u00e1ticamente las variaciones en el suministro<\/li>\n<li>6 tomacorrientes con supresi\u00f3n de sobretensiones, respaldo de bater\u00eda y regulaci\u00f3n autom\u00e1tica de voltaje AVR<\/li>\n<li>Protecci\u00f3n para tel\u00e9fono, fax y m\u00f3dem (RJ-11)<\/li>\n<li>Tres a\u00f1os de garant\u00eda<\/li>\n<\/ul>\n<p><strong>PUERTOS E INTERFACES<\/strong><br \/>\n&#8211; Tipo de salida -&gt;\u00a0 ACNEMA 5-15R<br \/>\n&#8211; Longitud de cable -&gt; 1,2 m<br \/>\n&#8211; Cantidad de salidas -&gt;\u00a0 AC6 salidas AC<br \/>\n&#8211; Puertos de m\u00f3dem (RJ-11)1<br \/>\n<strong>PESO Y DIMENSIONES<\/strong><br \/>\n&#8211; Ancho -&gt; 13.9 cm<br \/>\n&#8211; Altura -&gt; 21.8 cm<br \/>\n&#8211; Profundidad -&gt; 32 cm<br \/>\n&#8211; Peso -&gt; 4.48 kg<br \/>\n<strong>CONTROL DE ENERG\u00cdA<\/strong><br \/>\n&#8211; Capacidad de potencia de salida (VA) -&gt; 750 VA<br \/>\n&#8211; Potencia de salida -&gt; 375 W<br \/>\n&#8211; Voltaje de entrada de operaci\u00f3n (max) -&gt; 120 V<br \/>\n&#8211; Fuente de alimentaci\u00f3n, frecuencia de entrada45\/65<br \/>\n&#8211; \u00cdndice de aumento de energ\u00eda -&gt; 200 J<br \/>\n<strong>BATER\u00cdA<\/strong><br \/>\n&#8211; Tiempo de recarga de la bater\u00eda -&gt; 6 h<br \/>\n&#8211; Tiempo t\u00edpico de respaldo a media carga -&gt; 25 min<br \/>\n&#8211; Arranque en fr\u00edo<br \/>\n&#8211; Capacidad de la bater\u00eda -&gt; 7 Ah<br \/>\n&#8211; Voltaje de la pila12 V<\/p>","protected":false},"excerpt":{"rendered":"<p><strong>Especificaciones<\/strong><br \/>\nCapacidad potencia de salida -&gt; 750 VA<br \/>\nColor del producto -&gt;\u00a0 Negro<br \/>\nPotencia de salida -&gt; 375 W<\/p>","protected":false},"featured_media":5238,"comment_status":"open","ping_status":"closed","template":"","meta":[],"_links":{"self":[{"href":"https:\/\/comercializadoraegs.com\/es\/wp-json\/wp\/v2\/product\/5237"}],"collection":[{"href":"https:\/\/comercializadoraegs.com\/es\/wp-json\/wp\/v2\/product"}],"about":[{"href":"https:\/\/comercializadoraegs.com\/es\/wp-json\/wp\/v2\/types\/product"}],"replies":[{"embeddable":true,"href":"https:\/\/comercializadoraegs.com\/es\/wp-json\/wp\/v2\/comments?post=5237"}],"version-history":[{"count":1,"href":"https:\/\/comercializadoraegs.com\/es\/wp-json\/wp\/v2\/product\/5237\/revisions"}],"predecessor-version":[{"id":12960,"href":"https:\/\/comercializadoraegs.com\/es\/wp-json\/wp\/v2\/product\/5237\/revisions\/12960"}],"wp:featuredmedia":[{"embeddable":true,"href":"https:\/\/comercializadoraegs.com\/es\/wp-json\/wp\/v2\/media\/5238"}],"wp:attachment":[{"href":"https:\/\/comercializadoraegs.com\/es\/wp-json\/wp\/v2\/media?parent=5237"}],"curies":[{"name":"wp","href":"https:\/\/api.w.org\/{rel}","templated":true}]}}