{"id":5258,"date":"2021-04-07T21:53:50","date_gmt":"2021-04-07T21:53:50","guid":{"rendered":"https:\/\/comercializadoraegs.com\/?post_type=product&#038;p=5258"},"modified":"2022-02-10T18:06:26","modified_gmt":"2022-02-10T18:06:26","slug":"router-nercusys","status":"publish","type":"product","link":"https:\/\/comercializadoraegs.com\/es\/product\/router-nercusys\/","title":{"rendered":"ROUTER TASA DE TRANSFERENCIA (M\u00c1X) 300 MBIT\/S, NERCUSYS"},"content":{"rendered":"<p>WI-FI Potente en la palma de tu mando<br \/>\nRouter Wireless N MW305R.<br \/>\nExcellent Wi-Fi Performance<br \/>\nAmplia cobertura de Wi-Fi<br \/>\nCon sus dos antenas de 5dBi que trabajan para impulsar la recepci\u00f3n y sensibilidad de la se\u00f1al, el MW305R te proporciona amplia cobertura inal\u00e1mbrica.<br \/>\nVelocidad inal\u00e1mbrica de 300Mbps<br \/>\nEl MW305R proporciona Wi-Fi r\u00e1pido y estable para tus dispositivos conectados. Las velocidades inal\u00e1mbricas de hasta 300Mbps lo hacen ideal para la transmisi\u00f3n HD, juegos en l\u00ednea y descargas r\u00e1pidas de archivos.<br \/>\nDise\u00f1o conveniente y compacto<br \/>\nLos avances en R&amp;D nos han permitido crear un router que cabe en la palma de tu mano, sin comprometer su rendimiento. Los componentes de alta calidad, incluido el chipset MediaTek, se sit\u00faa en el n\u00facleo del router, lo que le permite ser tan potente como peque\u00f1o.<br \/>\nInstalaci\u00f3n en tres pasos<br \/>\nSin necesidad de una configuraci\u00f3n complicada, puedes seguir paso a paso las instrucciones en la p\u00e1gina web para configurar tu MW305R en minutos.<br \/>\nSeguridad de la red<br \/>\nLas completas funciones de seguridad ayudan a tus dispositivos a formar conexiones seguras con el MW305R.<br \/>\nControl para padres<br \/>\nAdministra cu\u00e1ndo y c\u00f3mo los dispositivos conectados pueden acceder a Internet.<br \/>\nRed de invitados<br \/>\nMantiene segura tu red principal al crear una red separada para invitados.<br \/>\nCifrado avanzado<br \/>\nLos est\u00e1ndares de encriptaci\u00f3n WPA \/ WPA2 aseguran que su conexi\u00f3n inal\u00e1mbrica est\u00e9 a salvo de intrusos.<br \/>\n&#8211; La velocidad inal\u00e1mbrica de 300 Mbps es ideal para streaming HD, juegos en l\u00ednea y descargas de archivos grandes<br \/>\n&#8211; Tres antenas 5dBi aumentan considerablemente la fuerza, el tama\u00f1o y la estabilidad de la se\u00f1al inal\u00e1mbrica<br \/>\n&#8211; La p\u00e1gina web intuitiva le gu\u00eda a trav\u00e9s del proceso de configuraci\u00f3n en cuesti\u00f3n de minutos<br \/>\nFICHA T\u00c9CNICA<\/p>","protected":false},"excerpt":{"rendered":"<p><strong>Especificaciones<\/strong><br \/>\n<strong>Cantidad de antenas<\/strong>: 3<br \/>\n<strong>Color del producto<\/strong>: Blanco<br \/>\n<strong>Tasa de transferencia (m\u00e1x)<\/strong>: 300 Mbit\/s<br \/>\n<strong>Tipo de antena<\/strong>: Omnidireccional<\/p>","protected":false},"featured_media":5259,"comment_status":"open","ping_status":"closed","template":"","meta":[],"_links":{"self":[{"href":"https:\/\/comercializadoraegs.com\/es\/wp-json\/wp\/v2\/product\/5258"}],"collection":[{"href":"https:\/\/comercializadoraegs.com\/es\/wp-json\/wp\/v2\/product"}],"about":[{"href":"https:\/\/comercializadoraegs.com\/es\/wp-json\/wp\/v2\/types\/product"}],"replies":[{"embeddable":true,"href":"https:\/\/comercializadoraegs.com\/es\/wp-json\/wp\/v2\/comments?post=5258"}],"version-history":[{"count":1,"href":"https:\/\/comercializadoraegs.com\/es\/wp-json\/wp\/v2\/product\/5258\/revisions"}],"predecessor-version":[{"id":12359,"href":"https:\/\/comercializadoraegs.com\/es\/wp-json\/wp\/v2\/product\/5258\/revisions\/12359"}],"wp:featuredmedia":[{"embeddable":true,"href":"https:\/\/comercializadoraegs.com\/es\/wp-json\/wp\/v2\/media\/5259"}],"wp:attachment":[{"href":"https:\/\/comercializadoraegs.com\/es\/wp-json\/wp\/v2\/media?parent=5258"}],"curies":[{"name":"wp","href":"https:\/\/api.w.org\/{rel}","templated":true}]}}