{"id":5272,"date":"2021-04-07T22:20:38","date_gmt":"2021-04-07T22:20:38","guid":{"rendered":"https:\/\/comercializadoraegs.com\/?post_type=product&#038;p=5272"},"modified":"2022-08-15T16:37:37","modified_gmt":"2022-08-15T16:37:37","slug":"no-break-forza-2","status":"publish","type":"product","link":"https:\/\/comercializadoraegs.com\/es\/product\/no-break-forza-2\/","title":{"rendered":"NO BREAK UPS110V, 500 VA, 250 W, FORZA"},"content":{"rendered":"<p>CARACTER\u00cdSTICAS PRINCIPALES<br \/>\n-Sistema de alimentaci\u00f3n ininterrumpible<\/p>\n<p>-Protecci\u00f3n el\u00e9ctrica para equipos de uso dom\u00e9stico y comercial<\/p>\n<p>-Regulador de voltaje (AVR), corrige autom\u00e1ticamente las variaciones en el suministro<\/p>\n<p>-6 tomacorrientes con supresi\u00f3n de sobretensiones, respaldo de bater\u00eda y regulaci\u00f3n autom\u00e1tica de voltaje AVR<\/p>\n<p>-Protecci\u00f3n para tel\u00e9fono, fax y m\u00f3dem (RJ-11)<\/p>\n<p>-Tres a\u00f1os de garant\u00eda<br \/>\n<strong>PUERTOS E INTERFACES<\/strong><br \/>\nTipo de salida ACNEMA 5\u201315R<br \/>\nLongitud de cable1,2 m<br \/>\nCantidad de salidas AC6 salidas AC<br \/>\nPuertos de m\u00f3dem (RJ-11)1<br \/>\n<strong>PESO Y DIMENSIONES<\/strong><br \/>\nAncho13.9 cm<br \/>\nAltura21.8 cm<br \/>\nProfundidad32 cm<br \/>\nPeso3.71 kg<br \/>\n<strong>CONTROL DE ENERG\u00cdA<\/strong><br \/>\nCapacidad de potencia de salida (VA)500 VA<br \/>\nPotencia de salida250 W<br \/>\nVoltaje de entrada de operaci\u00f3n (max)120 V<br \/>\nFuente de alimentaci\u00f3n, frecuencia de entrada50\/60<br \/>\n\u00cdndice de aumento de energ\u00eda200 J<br \/>\nCONDICIONES AMBIENTALES<br \/>\nIntervalo de temperatura operativa0 &#8211; 40 \u00b0C<br \/>\nIntervalo de temperatura de almacenaje-15 &#8211; 45 \u00b0C<br \/>\nIntervalo de humedad relativa para funcionamiento0 &#8211; 90%<\/p>","protected":false},"excerpt":{"rendered":"<p><strong>Especificaciones<\/strong><br \/>\n<strong>Capacidad potencia de salida<\/strong>: 500 VA<br \/>\n<strong>Color del producto:<\/strong> Negro<br \/>\n<strong>Potencia de salida:<\/strong> 250 W<\/p>","protected":false},"featured_media":5240,"comment_status":"open","ping_status":"closed","template":"","meta":[],"_links":{"self":[{"href":"https:\/\/comercializadoraegs.com\/es\/wp-json\/wp\/v2\/product\/5272"}],"collection":[{"href":"https:\/\/comercializadoraegs.com\/es\/wp-json\/wp\/v2\/product"}],"about":[{"href":"https:\/\/comercializadoraegs.com\/es\/wp-json\/wp\/v2\/types\/product"}],"replies":[{"embeddable":true,"href":"https:\/\/comercializadoraegs.com\/es\/wp-json\/wp\/v2\/comments?post=5272"}],"version-history":[{"count":1,"href":"https:\/\/comercializadoraegs.com\/es\/wp-json\/wp\/v2\/product\/5272\/revisions"}],"predecessor-version":[{"id":12966,"href":"https:\/\/comercializadoraegs.com\/es\/wp-json\/wp\/v2\/product\/5272\/revisions\/12966"}],"wp:featuredmedia":[{"embeddable":true,"href":"https:\/\/comercializadoraegs.com\/es\/wp-json\/wp\/v2\/media\/5240"}],"wp:attachment":[{"href":"https:\/\/comercializadoraegs.com\/es\/wp-json\/wp\/v2\/media?parent=5272"}],"curies":[{"name":"wp","href":"https:\/\/api.w.org\/{rel}","templated":true}]}}