{"id":5298,"date":"2021-04-08T16:45:10","date_gmt":"2021-04-08T16:45:10","guid":{"rendered":"https:\/\/comercializadoraegs.com\/?post_type=product&#038;p=5298"},"modified":"2025-10-13T05:43:54","modified_gmt":"2025-10-13T05:43:54","slug":"memoria-interna-8-gb","status":"publish","type":"product","link":"https:\/\/comercializadoraegs.com\/es\/product\/memoria-interna-8-gb\/","title":{"rendered":"MEMORIA INTERNA 8 GB"},"content":{"rendered":"<h5>MEMORIA<\/h5>\n<div class=\"row\">\n<div class=\"col-xs-12 col-sm-6\"><strong>Memoria interna<\/strong><\/div>\n<div class=\"col-xs-12 col-sm-6\">8 GB<\/div>\n<\/div>\n<div class=\"row\">\n<div class=\"col-xs-12 col-sm-6\"><strong>Tipo de memoria interna<\/strong><\/div>\n<div class=\"col-xs-12 col-sm-6\">DDR4<\/div>\n<\/div>\n<div class=\"row\">\n<div class=\"col-xs-12 col-sm-6\"><strong>Velocidad de memoria del reloj<\/strong><\/div>\n<div class=\"col-xs-12 col-sm-6\">2400 MHz<\/div>\n<\/div>\n<div class=\"row\">\n<div class=\"col-xs-12 col-sm-6\"><strong>Componente para<\/strong><\/div>\n<div class=\"col-xs-12 col-sm-6\">PC\/servidor<\/div>\n<\/div>\n<div class=\"row\">\n<div class=\"col-xs-12 col-sm-6\"><strong>Forma de factor de memoria<\/strong><\/div>\n<div class=\"col-xs-12 col-sm-6\">288-pin DIMM<\/div>\n<\/div>\n<div class=\"row\">\n<div class=\"col-xs-12 col-sm-6\"><strong>Dise\u00f1o de memoria (m\u00f3dulos x tama\u00f1o)<\/strong><\/div>\n<div class=\"col-xs-12 col-sm-6\">1 x 8 GB<\/div>\n<\/div>\n<div class=\"row\">\n<div class=\"col-xs-12 col-sm-6\"><strong>Voltaje de memoria<\/strong><\/div>\n<div class=\"col-xs-12 col-sm-6\">1.2 V<\/div>\n<\/div>\n<div class=\"row\">\n<div class=\"col-xs-12 col-sm-6\"><strong>Configuraci\u00f3n de m\u00f3dulos<\/strong><\/div>\n<div class=\"col-xs-12 col-sm-6\">1024M x 8<\/div>\n<\/div>","protected":false},"excerpt":{"rendered":"<p><strong>Especificaciones<\/strong><\/p>\n<div class=\"row\">\n<div class=\"col-xs-6\"><strong>Componente para<\/strong> -&gt; PC\/server<\/div>\n<\/div>\n<div class=\"row\">\n<div class=\"col-xs-6\"><strong>Forma de factor de memoria -&gt; <\/strong>288-pin DIMM<\/div>\n<\/div>\n<div class=\"row\">\n<div class=\"col-xs-6\"><strong>Memoria interna -&gt; <\/strong>8 GB<\/div>\n<\/div>\n<div class=\"row\">\n<div class=\"col-xs-6\"><strong>Tipo de memoria interna -&gt; <\/strong>DDR4<\/div>\n<\/div>\n<div class=\"row\">\n<div class=\"col-xs-6\"><strong>Velocidad del reloj -&gt; <\/strong>2400 MHz<\/div>\n<\/div>","protected":false},"featured_media":5299,"comment_status":"open","ping_status":"closed","template":"","meta":[],"_links":{"self":[{"href":"https:\/\/comercializadoraegs.com\/es\/wp-json\/wp\/v2\/product\/5298"}],"collection":[{"href":"https:\/\/comercializadoraegs.com\/es\/wp-json\/wp\/v2\/product"}],"about":[{"href":"https:\/\/comercializadoraegs.com\/es\/wp-json\/wp\/v2\/types\/product"}],"replies":[{"embeddable":true,"href":"https:\/\/comercializadoraegs.com\/es\/wp-json\/wp\/v2\/comments?post=5298"}],"version-history":[{"count":1,"href":"https:\/\/comercializadoraegs.com\/es\/wp-json\/wp\/v2\/product\/5298\/revisions"}],"predecessor-version":[{"id":12970,"href":"https:\/\/comercializadoraegs.com\/es\/wp-json\/wp\/v2\/product\/5298\/revisions\/12970"}],"wp:featuredmedia":[{"embeddable":true,"href":"https:\/\/comercializadoraegs.com\/es\/wp-json\/wp\/v2\/media\/5299"}],"wp:attachment":[{"href":"https:\/\/comercializadoraegs.com\/es\/wp-json\/wp\/v2\/media?parent=5298"}],"curies":[{"name":"wp","href":"https:\/\/api.w.org\/{rel}","templated":true}]}}