{"id":5301,"date":"2021-04-08T16:56:04","date_gmt":"2021-04-08T16:56:04","guid":{"rendered":"https:\/\/comercializadoraegs.com\/?post_type=product&#038;p=5301"},"modified":"2022-02-10T18:09:08","modified_gmt":"2022-02-10T18:09:08","slug":"pizarron-magico-lcd","status":"publish","type":"product","link":"https:\/\/comercializadoraegs.com\/es\/product\/pizarron-magico-lcd\/","title":{"rendered":"PIZARRON MAGICO 8.5 PULGADAS, LCD"},"content":{"rendered":"<p>Brobotix Con el nuevo Pizarr\u00f3n M\u00e1gico podr\u00e1s dibujar y escribir de forma f\u00e1cil, divertida y pr\u00e1ctica. S\u00f3lo toma la pluma incluida, traza con ella sobre el \u00e1rea dibujable del pizarr\u00f3n y presiona el bot\u00f3n para borrar. Pizarr\u00f3n para escritura y dibujo. F\u00e1cil de usar. \u00a0Pr\u00e1ctico bot\u00f3n para borrar los trazos. Amigable con el medio ambiente, evitando el uso de papel y gis. Pizarr\u00f3n de 8.5\u201d LCD. Dimensi\u00f3n total: 22 x 14.5 cm. \u00c1rea dibujable: 17.5 x 12.5 cm. Especificaciones: Duraci\u00f3n de la bater\u00eda: 2 a\u00f1os aprox. Usar \u00fanicamente la pluma incluida en el producto para trazar. No mojar el producto ni usar en condiciones de humedad. No colocar cerca de fuentes de calor. No usar l\u00edquidos o aerosoles limpiadores. Color: Azul<\/p>\n<h5>DISE\u00d1O<\/h5>\n<div class=\"row\">\n<div class=\"col-xs-12 col-sm-6\"><strong>Tipo de visualizador<\/strong><\/div>\n<div class=\"col-xs-12 col-sm-6\">LCD<\/div>\n<\/div>\n<div class=\"row\">\n<div class=\"col-xs-12 col-sm-6\"><strong>Diagonal de la pantalla<\/strong><\/div>\n<div class=\"col-xs-12 col-sm-6\">21,6 cm (8.5&#8243;)<\/div>\n<\/div>\n<div class=\"row\">\n<div class=\"col-xs-12 col-sm-6\"><strong>Color del producto<\/strong><\/div>\n<div class=\"col-xs-12 col-sm-6\">Azul<\/div>\n<\/div>\n<div class=\"row\">\n<div class=\"col-xs-12 col-sm-6\"><strong>Pluma stylus<\/strong><\/div>\n<div class=\"col-xs-12 col-sm-6\"><\/div>\n<\/div>\n<div class=\"row\">\n<div class=\"col-xs-12 col-sm-6\"><strong>Retenedor de pluma<\/strong><\/div>\n<div class=\"col-xs-12 col-sm-6\"><\/div>\n<\/div>","protected":false},"excerpt":{"rendered":"<h5>DISE\u00d1O<\/h5>\n<div class=\"row\">\n<div class=\"col-xs-12 col-sm-6\"><strong>Tipo de visualizador<\/strong><\/div>\n<div class=\"col-xs-12 col-sm-6\">LCD<\/div>\n<\/div>\n<div class=\"row\">\n<div class=\"col-xs-12 col-sm-6\"><strong>Diagonal de la pantalla<\/strong><\/div>\n<div class=\"col-xs-12 col-sm-6\">21,6 cm (8.5&#8243;)<\/div>\n<\/div>\n<div class=\"row\">\n<div class=\"col-xs-12 col-sm-6\"><strong>Color del producto<\/strong><\/div>\n<div class=\"col-xs-12 col-sm-6\">Azul<\/div>\n<\/div>\n<div class=\"row\">\n<div class=\"col-xs-12 col-sm-6\"><strong>Pluma stylus<\/strong><\/div>\n<\/div>\n<div class=\"row\">\n<div class=\"col-xs-12 col-sm-6\"><strong>Retenedor de pluma<\/strong><\/div>\n<\/div>","protected":false},"featured_media":5303,"comment_status":"open","ping_status":"closed","template":"","meta":[],"_links":{"self":[{"href":"https:\/\/comercializadoraegs.com\/es\/wp-json\/wp\/v2\/product\/5301"}],"collection":[{"href":"https:\/\/comercializadoraegs.com\/es\/wp-json\/wp\/v2\/product"}],"about":[{"href":"https:\/\/comercializadoraegs.com\/es\/wp-json\/wp\/v2\/types\/product"}],"replies":[{"embeddable":true,"href":"https:\/\/comercializadoraegs.com\/es\/wp-json\/wp\/v2\/comments?post=5301"}],"version-history":[{"count":1,"href":"https:\/\/comercializadoraegs.com\/es\/wp-json\/wp\/v2\/product\/5301\/revisions"}],"predecessor-version":[{"id":12971,"href":"https:\/\/comercializadoraegs.com\/es\/wp-json\/wp\/v2\/product\/5301\/revisions\/12971"}],"wp:featuredmedia":[{"embeddable":true,"href":"https:\/\/comercializadoraegs.com\/es\/wp-json\/wp\/v2\/media\/5303"}],"wp:attachment":[{"href":"https:\/\/comercializadoraegs.com\/es\/wp-json\/wp\/v2\/media?parent=5301"}],"curies":[{"name":"wp","href":"https:\/\/api.w.org\/{rel}","templated":true}]}}