{"id":5333,"date":"2021-04-09T20:41:59","date_gmt":"2021-04-09T20:41:59","guid":{"rendered":"https:\/\/comercializadoraegs.com\/?post_type=product&#038;p=5333"},"modified":"2025-11-29T16:24:24","modified_gmt":"2025-11-29T16:24:24","slug":"cable-usb-3","status":"publish","type":"product","link":"https:\/\/comercializadoraegs.com\/es\/product\/cable-usb-3\/","title":{"rendered":"CABLE USB 1M AZUL, VORAGO"},"content":{"rendered":"<p><b>Calidad de transferencia<\/b><br \/>\nEl CAB-113 es un cable que te asegura la transferencia de datos e informaci\u00f3n de manera r\u00e1pida y segura. Su conector Micro USB utilizado en la mayor\u00eda de los dispositivos m\u00f3viles y c\u00e1maras digitales te garantiza una transmisi\u00f3n de datos libre de interferencias a\u00fan cuando tu dispositivo esta en funcionamiento. Que nada te detenga.<br \/>\n<b>DIVERSIDAD<\/b><br \/>\nSu entrada Micro USB es ideal para conectar tel\u00e9fonos m\u00f3viles, reproductores MP3, c\u00e1maras digitales y dispositivos de juego.<br \/>\n<b>DUAL<\/b><br \/>\nSu conector USB te permite cargar tus dispositivos mientras transfieres tu informaci\u00f3n.<br \/>\n<b>PRACTICIDAD<\/b><br \/>\nCable con recubrimiento aislante de 1m de longitud que permite versatilidad en la distancia y perfecta conducci\u00f3n de datos.<br \/>\n<b>CONEXI\u00d3N SEGURA<\/b><br \/>\nLibre de interferencias bajo cualquier condici\u00f3n de uso, a\u00fan en funcionamiento, sin necesidad de apagarlos.<\/p>","protected":false},"excerpt":{"rendered":"<p><strong>Especificaciones<\/strong><\/p>\n<div class=\"row\">\n<ul>\n<li class=\"col-xs-6\"><strong>Color del producto<\/strong> -&gt; Vorago Azul<\/li>\n<\/ul>\n<\/div>\n<div class=\"row\">\n<ul>\n<li><strong>Longitud de cable<\/strong> -&gt; 1 m<\/li>\n<\/ul>\n<\/div>","protected":false},"featured_media":5335,"comment_status":"open","ping_status":"closed","template":"","meta":[],"_links":{"self":[{"href":"https:\/\/comercializadoraegs.com\/es\/wp-json\/wp\/v2\/product\/5333"}],"collection":[{"href":"https:\/\/comercializadoraegs.com\/es\/wp-json\/wp\/v2\/product"}],"about":[{"href":"https:\/\/comercializadoraegs.com\/es\/wp-json\/wp\/v2\/types\/product"}],"replies":[{"embeddable":true,"href":"https:\/\/comercializadoraegs.com\/es\/wp-json\/wp\/v2\/comments?post=5333"}],"version-history":[{"count":1,"href":"https:\/\/comercializadoraegs.com\/es\/wp-json\/wp\/v2\/product\/5333\/revisions"}],"predecessor-version":[{"id":12976,"href":"https:\/\/comercializadoraegs.com\/es\/wp-json\/wp\/v2\/product\/5333\/revisions\/12976"}],"wp:featuredmedia":[{"embeddable":true,"href":"https:\/\/comercializadoraegs.com\/es\/wp-json\/wp\/v2\/media\/5335"}],"wp:attachment":[{"href":"https:\/\/comercializadoraegs.com\/es\/wp-json\/wp\/v2\/media?parent=5333"}],"curies":[{"name":"wp","href":"https:\/\/api.w.org\/{rel}","templated":true}]}}