{"id":5337,"date":"2021-04-09T20:53:56","date_gmt":"2021-04-09T20:53:56","guid":{"rendered":"https:\/\/comercializadoraegs.com\/?post_type=product&#038;p=5337"},"modified":"2022-02-10T18:10:50","modified_gmt":"2022-02-10T18:10:50","slug":"cable-usb-2","status":"publish","type":"product","link":"https:\/\/comercializadoraegs.com\/es\/product\/cable-usb-2\/","title":{"rendered":"CABLE USB 1M, VORAGO"},"content":{"rendered":"<p><b>Calidad de transferencia<\/b><br \/>\nEl CAB-113 es un cable que te asegura la transferencia de datos e informaci\u00f3n de manera r\u00e1pida y segura. Su conector Micro USB utilizado en la mayor\u00eda de los dispositivos m\u00f3viles y c\u00e1maras digitales te garantiza una transmisi\u00f3n de datos libre de interferencias a\u00fan cuando tu dispositivo esta en funcionamiento. Que nada te detenga.<br \/>\n<b>DIVERSIDAD<\/b><br \/>\nSu entrada Micro USB es ideal para conectar tel\u00e9fonos m\u00f3viles, reproductores MP3, c\u00e1maras digitales y dispositivos de juego.<br \/>\n<b>DUAL<\/b><br \/>\nSu conector USB te permite cargar tus dispositivos mientras transfieres tu informaci\u00f3n.<br \/>\n<b>PRACTICIDAD<\/b><br \/>\nCable con recubrimiento aislante de 1m de longitud que permite versatilidad en la distancia y perfecta conducci\u00f3n de datos.<br \/>\n<b>CONEXI\u00d3N SEGURA<\/b><br \/>\nLibre de interferencias bajo cualquier condici\u00f3n de uso, a\u00fan en funcionamiento, sin necesidad de apagarlos.<\/p>\n<div class=\"ct-features ct-panel panel-group\">\n<div id=\"ficha_tecnica_producto\" class=\"panel panel-default ct-technical\">\n<div id=\"ct_technical\" class=\"panel-collapse collapse in\">\n<div id=\"ficha_tecnica\" class=\"panel-body\">\n<div id=\"ficha_tecnica\" class=\"ct-section\">\n<div class=\"row\">\n<div class=\"col-sm-6\">\n<h5>CARACTER\u00cdSTICAS<\/h5>\n<p>Vorago Blanco<\/p>\n<div class=\"row\">\n<div class=\"col-xs-12 col-sm-6\"><strong>Longitud de cable<\/strong><\/div>\n<div class=\"col-xs-12 col-sm-6\">1 m<\/div>\n<\/div>\n<div class=\"row\">\n<div class=\"col-xs-12 col-sm-6\"><strong>Versi\u00f3n USB<\/strong><\/div>\n<div class=\"col-xs-12 col-sm-6\">2.0<\/div>\n<\/div>\n<div class=\"row\">\n<div class=\"col-xs-12 col-sm-6\"><strong>Conector 1<\/strong><\/div>\n<div class=\"col-xs-12 col-sm-6\">USB A<\/div>\n<\/div>\n<div class=\"row\">\n<div class=\"col-xs-12 col-sm-6\"><strong>Conector 2<\/strong><\/div>\n<div class=\"col-xs-12 col-sm-6\">Micro-USB B<\/div>\n<\/div>\n<div class=\"row\">\n<div class=\"col-xs-12 col-sm-6\"><strong>Tipo de g\u00e9nero<\/strong><\/div>\n<div class=\"col-xs-12 col-sm-6\">Macho\/Macho<\/div>\n<\/div>\n<div class=\"row\">\n<div class=\"col-xs-12 col-sm-6\"><strong>Factor de forma de conector 1<\/strong><\/div>\n<div class=\"col-xs-12 col-sm-6\">Derecho<\/div>\n<\/div>\n<div class=\"row\">\n<div class=\"col-xs-12 col-sm-6\"><strong>Factor de forma de conector 2<\/strong><\/div>\n<div class=\"col-xs-12 col-sm-6\">Derecho<\/div>\n<\/div>\n<div class=\"row\">\n<div class=\"col-xs-12 col-sm-6\"><strong>Contactos del conector chapado<\/strong><\/div>\n<div class=\"col-xs-12 col-sm-6\">Oro<\/div>\n<\/div>\n<div class=\"row\">\n<div class=\"col-xs-12 col-sm-6\"><strong>Color del producto<\/strong><\/div>\n<div class=\"col-xs-12 col-sm-6\">Color blanco<\/div>\n<\/div>\n<div class=\"row\">\n<div class=\"col-xs-12 col-sm-6\"><strong>Materiales<\/strong><\/div>\n<div class=\"col-xs-12 col-sm-6\">Nylon<\/div>\n<\/div>\n<div class=\"row\">\n<div class=\"col-xs-12 col-sm-6\"><strong>Di\u00e1metro de cable<\/strong><\/div>\n<div class=\"col-xs-12 col-sm-6\">4 mm<\/div>\n<\/div>\n<\/div>\n<\/div>\n<\/div>\n<\/div>\n<\/div>\n<\/div>\n<\/div>","protected":false},"excerpt":{"rendered":"<p><strong>Especificaciones<\/strong><\/p>\n<div class=\"row\">\n<div class=\"col-xs-6\"><strong>Color del producto -&gt; <\/strong>Blanco<\/div>\n<\/div>\n<div class=\"row\">\n<div class=\"col-xs-6\"><strong>Longitud de cable -&gt; <\/strong>1 m<\/div>\n<\/div>","protected":false},"featured_media":5338,"comment_status":"open","ping_status":"closed","template":"","meta":[],"_links":{"self":[{"href":"https:\/\/comercializadoraegs.com\/es\/wp-json\/wp\/v2\/product\/5337"}],"collection":[{"href":"https:\/\/comercializadoraegs.com\/es\/wp-json\/wp\/v2\/product"}],"about":[{"href":"https:\/\/comercializadoraegs.com\/es\/wp-json\/wp\/v2\/types\/product"}],"replies":[{"embeddable":true,"href":"https:\/\/comercializadoraegs.com\/es\/wp-json\/wp\/v2\/comments?post=5337"}],"version-history":[{"count":1,"href":"https:\/\/comercializadoraegs.com\/es\/wp-json\/wp\/v2\/product\/5337\/revisions"}],"predecessor-version":[{"id":12977,"href":"https:\/\/comercializadoraegs.com\/es\/wp-json\/wp\/v2\/product\/5337\/revisions\/12977"}],"wp:featuredmedia":[{"embeddable":true,"href":"https:\/\/comercializadoraegs.com\/es\/wp-json\/wp\/v2\/media\/5338"}],"wp:attachment":[{"href":"https:\/\/comercializadoraegs.com\/es\/wp-json\/wp\/v2\/media?parent=5337"}],"curies":[{"name":"wp","href":"https:\/\/api.w.org\/{rel}","templated":true}]}}