{"id":6351,"date":"2021-04-29T17:40:40","date_gmt":"2021-04-29T17:40:40","guid":{"rendered":"https:\/\/comercializadoraegs.com\/?post_type=product&#038;p=6351"},"modified":"2022-02-10T18:18:34","modified_gmt":"2022-02-10T18:18:34","slug":"disco-duro-externo-adata","status":"publish","type":"product","link":"https:\/\/comercializadoraegs.com\/es\/product\/disco-duro-externo-adata\/","title":{"rendered":"DISCO DURO EXTERNO 2TB, ADATA"},"content":{"rendered":"<div class=\"row\">\n<div class=\"col-xs-12 col-sm-6\">\n<div class=\"row\">\n<div class=\"col-xs-12 col-sm-6\">\n<div class=\"row\">\n<div class=\"col-xs-12 col-sm-6\">\n<p>El HD710 Pro supera la durabilidad de los discos duros externos. Lo probamos m\u00e1s all\u00e1 de los est\u00e1ndares de polvo e impermeabilidad IP68, adem\u00e1s de asegurarnos de que pasa la prueba contra impactos de grado militar con una construcci\u00f3n con protecci\u00f3n de triple capa. Con una capacidad de hasta 4TB, este maestro de la supervivencia de almacenamiento es su aliado para mantener el contenido seguro cuando est\u00e1 buceando, de senderismo, ciclismo o simplemente si da un paseo<br \/>\n<b>Supera IP68 para soportar lo inesperado<\/b><br \/>\nLa experiencia de almacenamiento externo de ADATA da como resultado un disco con protecci\u00f3n total contra el polvo y capacidad submarina para aguantar el agua. El HD710 Pro se prueba durante 60 minutos a 2 metros bajo agua &#8211; \u00a1eso supera los requisitos IEC IPX8! \u00bfPreparado para bucear?<br \/>\n<b>Absorbe los golpes como un verdadero guerrero con dureza militar<\/b><br \/>\nEl HD710 Pro soporta impactos, ca\u00eddas y vibraciones gracias a su construcci\u00f3n de triple capa extra resistente. Lo probamos hasta el nivel del ej\u00e9rcito estadounidense MIL-STD-810G 516.6, lo que significa que puede soportar f\u00e1cilmente ca\u00eddas de 1,5 metros de altura. Los datos est\u00e1n seguros, pudiendo as\u00ed salir y realizar m\u00e1s actividades y desaf\u00edos.<br \/>\n<b>Protegido por una construcci\u00f3n duradera de triple capa<\/b><br \/>\nNo importa lo que se almacene en su interior, el exterior del HD710 Pro ofrece una protecci\u00f3n suprema. Tiene tres capas primarias de revestimiento, de silicona resistente, con un regulador de absorci\u00f3n de golpes, la protecci\u00f3n de pl\u00e1stico resistente m\u00e1s cercana a la unidad en s\u00ed la mantiene firmemente en su lugar.<br \/>\n<b>Tecnolog\u00eda de detecci\u00f3n de vibraciones exclusiva Shock<\/b><br \/>\nMenos unidades externas siguen tratando de trabajar, incluso tras caer o golpearse, dando como resultado errores y sectores defectuosos. El HD710 Pro cuenta con sensores Shock que detienen inmediatamente toda la actividad de la unidad si se detecta un golpe. Una vez terminadas las vibraciones por completo, la actividad se reanuda. Ofrece informaci\u00f3n completa con un indicador de estado claro.<br \/>\n<b>Escoja su capacidad<\/b><br \/>\nCon 1TB, 2TB, 3TB y 4TB, obtendr\u00e1 la flexibilidad de un gran almacenamiento externo para sus necesidades. En cualquier caso, tendr\u00e1 un mont\u00f3n de espacio para sus experiencias, ya sean v\u00eddeos en 4K de sus salidas de fin de semana, materiales de trabajo esenciales o una biblioteca de juegos.<br \/>\n<b>Gesti\u00f3n limpia del cableado<\/b><br \/>\nLa unidad tiene una ingeniosa ranura alrededor de su carcasa, que sirve para guardar c\u00f3modamente el cable USB extra\u00edble. Cuando no est\u00e9 en uso, simplemente desconecte el cable, envu\u00e9lvalo f\u00e1cilmente alrededor del HD710 Pro y contin\u00fae. Esto reduce en gran medida el riesgo de un mal uso del cable y el desorden, mejorando a\u00fan m\u00e1s su experiencia.<br \/>\n<b>Tapa del puerto impermeable y ergon\u00f3mica<\/b><br \/>\nA diferencia de otros discos duros externos llamados duraderos, el HD710 Pro tiene una tapa en el puerto USB f\u00e1cil de usar. Sin p\u00e9rdida de tiempo, sin presionar para encontrar el \u00e1ngulo correcto hasta que finalmente se cierra. Nuestros ingenieros han prestado atenci\u00f3n a cada detalle y la tapa del HD710 Pro es f\u00e1cil de usar y totalmente segura e impermeable.<\/p>\n<\/div>\n<\/div>\n<\/div>\n<\/div>\n<\/div>\n<\/div>","protected":false},"excerpt":{"rendered":"<div class=\"row\">\n<ul>\n<li class=\"col-xs-12 col-sm-6\"><strong>Capacidad de disco duro -&gt; <\/strong>2 TB<\/li>\n<li class=\"col-xs-12 col-sm-6\"><strong style=\"font-size: 16px;\">Tama\u00f1o de disco duro -&gt; <\/strong><span style=\"font-size: 16px;\">2.5<\/span><\/li>\n<li class=\"col-xs-12 col-sm-6\"><strong style=\"font-size: 16px;\">Tipo de dispositivo -&gt; <\/strong><span style=\"font-size: 16px;\">Unidad de disco duro<\/span><\/li>\n<li class=\"col-xs-12 col-sm-6\"><strong style=\"font-size: 16px;\">Conexi\u00f3n USB<\/strong><\/li>\n<li class=\"col-xs-12 col-sm-6\"><strong style=\"font-size: 16px;\">Versi\u00f3n USB -&gt;<\/strong><span style=\"font-size: 16px;\">3.0 (3.1 Gen 1)<\/span><\/li>\n<\/ul>\n<\/div>\n<div class=\"row\">\n<div class=\"col-xs-12 col-sm-6\">\n<div><\/div>\n<\/div>\n<\/div>","protected":false},"featured_media":6352,"comment_status":"open","ping_status":"closed","template":"","meta":[],"_links":{"self":[{"href":"https:\/\/comercializadoraegs.com\/es\/wp-json\/wp\/v2\/product\/6351"}],"collection":[{"href":"https:\/\/comercializadoraegs.com\/es\/wp-json\/wp\/v2\/product"}],"about":[{"href":"https:\/\/comercializadoraegs.com\/es\/wp-json\/wp\/v2\/types\/product"}],"replies":[{"embeddable":true,"href":"https:\/\/comercializadoraegs.com\/es\/wp-json\/wp\/v2\/comments?post=6351"}],"version-history":[{"count":1,"href":"https:\/\/comercializadoraegs.com\/es\/wp-json\/wp\/v2\/product\/6351\/revisions"}],"predecessor-version":[{"id":13003,"href":"https:\/\/comercializadoraegs.com\/es\/wp-json\/wp\/v2\/product\/6351\/revisions\/13003"}],"wp:featuredmedia":[{"embeddable":true,"href":"https:\/\/comercializadoraegs.com\/es\/wp-json\/wp\/v2\/media\/6352"}],"wp:attachment":[{"href":"https:\/\/comercializadoraegs.com\/es\/wp-json\/wp\/v2\/media?parent=6351"}],"curies":[{"name":"wp","href":"https:\/\/api.w.org\/{rel}","templated":true}]}}