{"id":7079,"date":"2021-05-15T16:07:17","date_gmt":"2021-05-15T16:07:17","guid":{"rendered":"https:\/\/comercializadoraegs.com\/?post_type=product&#038;p=7079"},"modified":"2022-02-10T18:25:55","modified_gmt":"2022-02-10T18:25:55","slug":"destapacanos-manual","status":"publish","type":"product","link":"https:\/\/comercializadoraegs.com\/es\/product\/destapacanos-manual\/","title":{"rendered":"DESTAPACA\u00d1OS MANUAL 7.6M, TRUPER"},"content":{"rendered":"<p><strong>DESTAPACA\u00d1OS MANUAL, 7.6 m<\/strong><\/p>\n<ul>\n<li>Para tuber\u00edas hasta 2&#8243; (50mm)<\/li>\n<li>Gu\u00eda de acero al carbono<\/li>\n<\/ul>\n<p><strong>Gu\u00eda con embobinado mas compacto que evita deformaciones por torsi\u00f3n y mejora el desplazamiento, con seguro de liberaci\u00f3n r\u00e1pida<\/strong><\/p>","protected":false},"excerpt":{"rendered":"<p>DESTAPACA\u00d1OS MANUAL, 7.6 m Para tuber\u00edas hasta 2&#8243; (50mm) Gu\u00eda de acero al carbono Gu\u00eda con embobinado mas compacto que evita deformaciones por torsi\u00f3n y mejora el desplazamiento, con seguro de liberaci\u00f3n r\u00e1pida<\/p>","protected":false},"featured_media":7084,"comment_status":"open","ping_status":"closed","template":"","meta":[],"_links":{"self":[{"href":"https:\/\/comercializadoraegs.com\/es\/wp-json\/wp\/v2\/product\/7079"}],"collection":[{"href":"https:\/\/comercializadoraegs.com\/es\/wp-json\/wp\/v2\/product"}],"about":[{"href":"https:\/\/comercializadoraegs.com\/es\/wp-json\/wp\/v2\/types\/product"}],"replies":[{"embeddable":true,"href":"https:\/\/comercializadoraegs.com\/es\/wp-json\/wp\/v2\/comments?post=7079"}],"version-history":[{"count":1,"href":"https:\/\/comercializadoraegs.com\/es\/wp-json\/wp\/v2\/product\/7079\/revisions"}],"predecessor-version":[{"id":13026,"href":"https:\/\/comercializadoraegs.com\/es\/wp-json\/wp\/v2\/product\/7079\/revisions\/13026"}],"wp:featuredmedia":[{"embeddable":true,"href":"https:\/\/comercializadoraegs.com\/es\/wp-json\/wp\/v2\/media\/7084"}],"wp:attachment":[{"href":"https:\/\/comercializadoraegs.com\/es\/wp-json\/wp\/v2\/media?parent=7079"}],"curies":[{"name":"wp","href":"https:\/\/api.w.org\/{rel}","templated":true}]}}