{"id":7086,"date":"2021-05-15T16:16:19","date_gmt":"2021-05-15T16:16:19","guid":{"rendered":"https:\/\/comercializadoraegs.com\/?post_type=product&#038;p=7086"},"modified":"2022-02-10T18:26:40","modified_gmt":"2022-02-10T18:26:40","slug":"destapacanos-de-manivela","status":"publish","type":"product","link":"https:\/\/comercializadoraegs.com\/es\/product\/destapacanos-de-manivela\/","title":{"rendered":"DESTAPACA\u00d1OS DE MANIVELA 4.5M, TRUPER"},"content":{"rendered":"<p><strong>DESTAPACA\u00d1OS TIPO BARRENO DE MANIVELA 4.5M<\/strong><\/p>\n<ul>\n<li>Para tuber\u00edas hasta 2&#8243;(50 mm)<\/li>\n<li>Gu\u00eda de hacer al carb\u00f3n<\/li>\n<li>Con carrete para f\u00e1cil transporte y almacenamiento<\/li>\n<\/ul>","protected":false},"excerpt":{"rendered":"<p>DESTAPACA\u00d1OS TIPO BARRENO DE MANIVELA 4.5M Para tuber\u00edas hasta 2&#8243;(50 mm) Gu\u00eda de hacer al carb\u00f3n Con carrete para f\u00e1cil transporte y almacenamiento<\/p>","protected":false},"featured_media":7087,"comment_status":"open","ping_status":"closed","template":"","meta":[],"_links":{"self":[{"href":"https:\/\/comercializadoraegs.com\/es\/wp-json\/wp\/v2\/product\/7086"}],"collection":[{"href":"https:\/\/comercializadoraegs.com\/es\/wp-json\/wp\/v2\/product"}],"about":[{"href":"https:\/\/comercializadoraegs.com\/es\/wp-json\/wp\/v2\/types\/product"}],"replies":[{"embeddable":true,"href":"https:\/\/comercializadoraegs.com\/es\/wp-json\/wp\/v2\/comments?post=7086"}],"version-history":[{"count":1,"href":"https:\/\/comercializadoraegs.com\/es\/wp-json\/wp\/v2\/product\/7086\/revisions"}],"predecessor-version":[{"id":13030,"href":"https:\/\/comercializadoraegs.com\/es\/wp-json\/wp\/v2\/product\/7086\/revisions\/13030"}],"wp:featuredmedia":[{"embeddable":true,"href":"https:\/\/comercializadoraegs.com\/es\/wp-json\/wp\/v2\/media\/7087"}],"wp:attachment":[{"href":"https:\/\/comercializadoraegs.com\/es\/wp-json\/wp\/v2\/media?parent=7086"}],"curies":[{"name":"wp","href":"https:\/\/api.w.org\/{rel}","templated":true}]}}