{"id":7099,"date":"2021-05-15T16:24:18","date_gmt":"2021-05-15T16:24:18","guid":{"rendered":"https:\/\/comercializadoraegs.com\/?post_type=product&#038;p=7099"},"modified":"2022-02-10T18:27:29","modified_gmt":"2022-02-10T18:27:29","slug":"destapacanos-de-manivela-2","status":"publish","type":"product","link":"https:\/\/comercializadoraegs.com\/es\/product\/destapacanos-de-manivela-2\/","title":{"rendered":"DESTAPACA\u00d1OS DE MANIVELA 15M, TRUPER"},"content":{"rendered":"<p><strong>DESTAPACA\u00d1OS DE MANIVELA 15M<\/strong><\/p>\n<ul>\n<li>Para tuber\u00eda hasta 5&#8243;(127mm)<\/li>\n<li>Gu\u00eda de acero al carbono<\/li>\n<\/ul>","protected":false},"excerpt":{"rendered":"<p>DESTAPACA\u00d1OS DE MANIVELA 15M Para tuber\u00eda hasta 5&#8243;(127mm) Gu\u00eda de acero al carbono<\/p>","protected":false},"featured_media":7100,"comment_status":"open","ping_status":"closed","template":"","meta":[],"_links":{"self":[{"href":"https:\/\/comercializadoraegs.com\/es\/wp-json\/wp\/v2\/product\/7099"}],"collection":[{"href":"https:\/\/comercializadoraegs.com\/es\/wp-json\/wp\/v2\/product"}],"about":[{"href":"https:\/\/comercializadoraegs.com\/es\/wp-json\/wp\/v2\/types\/product"}],"replies":[{"embeddable":true,"href":"https:\/\/comercializadoraegs.com\/es\/wp-json\/wp\/v2\/comments?post=7099"}],"version-history":[{"count":1,"href":"https:\/\/comercializadoraegs.com\/es\/wp-json\/wp\/v2\/product\/7099\/revisions"}],"predecessor-version":[{"id":13031,"href":"https:\/\/comercializadoraegs.com\/es\/wp-json\/wp\/v2\/product\/7099\/revisions\/13031"}],"wp:featuredmedia":[{"embeddable":true,"href":"https:\/\/comercializadoraegs.com\/es\/wp-json\/wp\/v2\/media\/7100"}],"wp:attachment":[{"href":"https:\/\/comercializadoraegs.com\/es\/wp-json\/wp\/v2\/media?parent=7099"}],"curies":[{"name":"wp","href":"https:\/\/api.w.org\/{rel}","templated":true}]}}