{"id":7266,"date":"2021-05-15T17:41:51","date_gmt":"2021-05-15T17:41:51","guid":{"rendered":"https:\/\/comercializadoraegs.com\/?post_type=product&#038;p=7266"},"modified":"2021-05-18T21:13:42","modified_gmt":"2021-05-18T21:13:42","slug":"tapon-ppr-12-20mm","status":"publish","type":"product","link":"https:\/\/comercializadoraegs.com\/es\/product\/tapon-ppr-12-20mm\/","title":{"rendered":"TAPON PPR 12 20MM"},"content":{"rendered":"<p>Fabricados de PPR (Polipropileno Copol\u00edmero Random), resistentes a la corrosi\u00f3n, oxidaci\u00f3n e incrustaciones y a los rayos UV<br \/>\nMateriales flexibles que facilitan la instalaci\u00f3n y transporte<br \/>\nA\u00edslan el ruido por el paso del agua<br \/>\nBaja conductividad t\u00e9rmica que permite el ahorro de energ\u00eda manteniendo por m\u00e1s tiempo la temperatura del agua en la tuber\u00eda<br \/>\nPara conducci\u00f3n de agua fr\u00eda, caliente hasta 95 \u00b0C, instalaciones residenciales, hoteleras, comerciales y de servicios<\/p>","protected":false},"excerpt":{"rendered":"<p>Presi\u00f3n m\u00e1xima a 20 \u00b0C: 24 kgf\/cm\u00b2 \/ 340 PSI<br \/>\nPresi\u00f3n m\u00e1xima a 95 \u00b0C: 6 kgf\/cm\u00b2 \/ 90 PSI<br \/>\nEmpaque individual: Granel<\/p>","protected":false},"featured_media":7273,"comment_status":"open","ping_status":"closed","template":"","meta":[],"_links":{"self":[{"href":"https:\/\/comercializadoraegs.com\/es\/wp-json\/wp\/v2\/product\/7266"}],"collection":[{"href":"https:\/\/comercializadoraegs.com\/es\/wp-json\/wp\/v2\/product"}],"about":[{"href":"https:\/\/comercializadoraegs.com\/es\/wp-json\/wp\/v2\/types\/product"}],"replies":[{"embeddable":true,"href":"https:\/\/comercializadoraegs.com\/es\/wp-json\/wp\/v2\/comments?post=7266"}],"version-history":[{"count":0,"href":"https:\/\/comercializadoraegs.com\/es\/wp-json\/wp\/v2\/product\/7266\/revisions"}],"wp:featuredmedia":[{"embeddable":true,"href":"https:\/\/comercializadoraegs.com\/es\/wp-json\/wp\/v2\/media\/7273"}],"wp:attachment":[{"href":"https:\/\/comercializadoraegs.com\/es\/wp-json\/wp\/v2\/media?parent=7266"}],"curies":[{"name":"wp","href":"https:\/\/api.w.org\/{rel}","templated":true}]}}