{"id":7300,"date":"2021-05-15T18:28:57","date_gmt":"2021-05-15T18:28:57","guid":{"rendered":"https:\/\/comercializadoraegs.com\/?post_type=product&#038;p=7300"},"modified":"2021-06-25T15:46:30","modified_gmt":"2021-06-25T15:46:30","slug":"tubo-de-acero-roscado","status":"publish","type":"product","link":"https:\/\/comercializadoraegs.com\/es\/product\/tubo-de-acero-roscado\/","title":{"rendered":"TUBO DE ACERO ROSCADO 3M, VOLTECH"},"content":{"rendered":"<p><strong>TUBO DE ACERO ROSCADO PARED GRUESA 3M<\/strong><\/p>\n<ul>\n<li>Para instalaci\u00f3n de cableado el\u00e9ctrico<\/li>\n<li>Largo 3m<\/li>\n<li>Di\u00e1metro 41mm<\/li>\n<li>Medida 1 1\/4&#8243;(32mm)<\/li>\n<li>Acero Galvanizado<\/li>\n<li>Ensamble con mufa roscada y medidor<\/li>\n<\/ul>","protected":false},"excerpt":{"rendered":"<p>TUBO DE ACERO ROSCADO PARED GRUESA 3M Para instalaci\u00f3n de cableado el\u00e9ctrico Largo 3m Di\u00e1metro 41mm Medida 1 1\/4&#8243;(32mm) Acero Galvanizado Ensamble con mufa roscada y medidor<\/p>","protected":false},"featured_media":7303,"comment_status":"open","ping_status":"closed","template":"","meta":[],"_links":{"self":[{"href":"https:\/\/comercializadoraegs.com\/es\/wp-json\/wp\/v2\/product\/7300"}],"collection":[{"href":"https:\/\/comercializadoraegs.com\/es\/wp-json\/wp\/v2\/product"}],"about":[{"href":"https:\/\/comercializadoraegs.com\/es\/wp-json\/wp\/v2\/types\/product"}],"replies":[{"embeddable":true,"href":"https:\/\/comercializadoraegs.com\/es\/wp-json\/wp\/v2\/comments?post=7300"}],"version-history":[{"count":0,"href":"https:\/\/comercializadoraegs.com\/es\/wp-json\/wp\/v2\/product\/7300\/revisions"}],"wp:featuredmedia":[{"embeddable":true,"href":"https:\/\/comercializadoraegs.com\/es\/wp-json\/wp\/v2\/media\/7303"}],"wp:attachment":[{"href":"https:\/\/comercializadoraegs.com\/es\/wp-json\/wp\/v2\/media?parent=7300"}],"curies":[{"name":"wp","href":"https:\/\/api.w.org\/{rel}","templated":true}]}}