{"id":7375,"date":"2021-05-17T16:04:00","date_gmt":"2021-05-17T16:04:00","guid":{"rendered":"https:\/\/comercializadoraegs.com\/?post_type=product&#038;p=7375"},"modified":"2022-02-10T18:39:32","modified_gmt":"2022-02-10T18:39:32","slug":"sellador-de-poliuretano","status":"publish","type":"product","link":"https:\/\/comercializadoraegs.com\/es\/product\/sellador-de-poliuretano\/","title":{"rendered":"SELLADOR DE POLIURETANO 280ML, TRUPER"},"content":{"rendered":"<p><strong>SELLADOR POLIURETANO GRIS<\/strong><\/p>\n<ul>\n<li>SELLADOR POLIURETANO BLANCO 280ML<\/li>\n<li>Para superficies y porosas como: estructuras met\u00e1licas, muros y techos de concreto<\/li>\n<li>Resistentes a la humedad<\/li>\n<li>Una vez curado puede usar pintura (base agua, acr\u00edlica, y vin\u00edlica)<\/li>\n<li>No mancha la piedra natural<\/li>\n<li>Sella juntas entre materiales lisos y porosos aun con movimiento severo<\/li>\n<li>Uso general en interiores y exteriores<\/li>\n<\/ul>","protected":false},"excerpt":{"rendered":"<p>SELLADOR POLIURETANO GRIS SELLADOR POLIURETANO BLANCO 280ML Para superficies y porosas como: estructuras met\u00e1licas, muros y techos de concreto Resistentes a la humedad Una vez curado puede usar pintura (base agua, acr\u00edlica, y vin\u00edlica) No mancha la piedra natural Sella juntas entre materiales lisos y porosos aun con movimiento severo Uso general en interiores y &hellip;<\/p>\n<p class=\"read-more\"> <a class=\"\" href=\"https:\/\/comercializadoraegs.com\/es\/product\/sellador-de-poliuretano\/\"> <span class=\"screen-reader-text\">SELLADOR DE POLIURETANO 280ML, TRUPER<\/span> Read More &raquo;<\/a><\/p>","protected":false},"featured_media":7376,"comment_status":"open","ping_status":"closed","template":"","meta":[],"_links":{"self":[{"href":"https:\/\/comercializadoraegs.com\/es\/wp-json\/wp\/v2\/product\/7375"}],"collection":[{"href":"https:\/\/comercializadoraegs.com\/es\/wp-json\/wp\/v2\/product"}],"about":[{"href":"https:\/\/comercializadoraegs.com\/es\/wp-json\/wp\/v2\/types\/product"}],"replies":[{"embeddable":true,"href":"https:\/\/comercializadoraegs.com\/es\/wp-json\/wp\/v2\/comments?post=7375"}],"version-history":[{"count":1,"href":"https:\/\/comercializadoraegs.com\/es\/wp-json\/wp\/v2\/product\/7375\/revisions"}],"predecessor-version":[{"id":13062,"href":"https:\/\/comercializadoraegs.com\/es\/wp-json\/wp\/v2\/product\/7375\/revisions\/13062"}],"wp:featuredmedia":[{"embeddable":true,"href":"https:\/\/comercializadoraegs.com\/es\/wp-json\/wp\/v2\/media\/7376"}],"wp:attachment":[{"href":"https:\/\/comercializadoraegs.com\/es\/wp-json\/wp\/v2\/media?parent=7375"}],"curies":[{"name":"wp","href":"https:\/\/api.w.org\/{rel}","templated":true}]}}