{"id":7383,"date":"2021-05-17T17:48:36","date_gmt":"2021-05-17T17:48:36","guid":{"rendered":"https:\/\/comercializadoraegs.com\/?post_type=product&#038;p=7383"},"modified":"2021-06-25T15:26:42","modified_gmt":"2021-06-25T15:26:42","slug":"soporte-de-aire","status":"publish","type":"product","link":"https:\/\/comercializadoraegs.com\/es\/product\/soporte-de-aire\/","title":{"rendered":"SOPORTE DE AIRE PRESION MAXIMA 90 PSI, TRUPER"},"content":{"rendered":"<p><strong>SOPORTE DE AIRE<\/strong><\/p>\n<ul>\n<li>Para limpieza de l\u00edneas de combustible<\/li>\n<li>Presi\u00f3n m\u00e1xima 90psi<\/li>\n<\/ul>","protected":false},"excerpt":{"rendered":"<p>SOPORTE DE AIRE Para limpieza de l\u00edneas de combustible Presi\u00f3n m\u00e1xima 90psi<\/p>","protected":false},"featured_media":7384,"comment_status":"open","ping_status":"closed","template":"","meta":[],"_links":{"self":[{"href":"https:\/\/comercializadoraegs.com\/es\/wp-json\/wp\/v2\/product\/7383"}],"collection":[{"href":"https:\/\/comercializadoraegs.com\/es\/wp-json\/wp\/v2\/product"}],"about":[{"href":"https:\/\/comercializadoraegs.com\/es\/wp-json\/wp\/v2\/types\/product"}],"replies":[{"embeddable":true,"href":"https:\/\/comercializadoraegs.com\/es\/wp-json\/wp\/v2\/comments?post=7383"}],"version-history":[{"count":0,"href":"https:\/\/comercializadoraegs.com\/es\/wp-json\/wp\/v2\/product\/7383\/revisions"}],"wp:featuredmedia":[{"embeddable":true,"href":"https:\/\/comercializadoraegs.com\/es\/wp-json\/wp\/v2\/media\/7384"}],"wp:attachment":[{"href":"https:\/\/comercializadoraegs.com\/es\/wp-json\/wp\/v2\/media?parent=7383"}],"curies":[{"name":"wp","href":"https:\/\/api.w.org\/{rel}","templated":true}]}}