{"id":7396,"date":"2021-05-17T18:20:18","date_gmt":"2021-05-17T18:20:18","guid":{"rendered":"https:\/\/comercializadoraegs.com\/?post_type=product&#038;p=7396"},"modified":"2022-02-10T18:40:07","modified_gmt":"2022-02-10T18:40:07","slug":"porto-power-hidraulico-10t","status":"publish","type":"product","link":"https:\/\/comercializadoraegs.com\/es\/product\/porto-power-hidraulico-10t\/","title":{"rendered":"PORTO POWER HIDRAULICO 10T, TRUPER"},"content":{"rendered":"<p><strong>Porto Power hidraulico 10t<\/strong><\/p>\n<ul>\n<li>Para enderezar carrocer\u00edas y trabajo de hojalater\u00eda<\/li>\n<li>Accesorio interconectables para empujar, separar, posicionar piezas y acelerar el trabajo de reparaci\u00f3n de veh\u00edculos<\/li>\n<\/ul>","protected":false},"excerpt":{"rendered":"<p>Porto Power hidraulico 10t Para enderezar carrocer\u00edas y trabajo de hojalater\u00eda Accesorio interconectables para empujar, separar, posicionar piezas y acelerar el trabajo de reparaci\u00f3n de veh\u00edculos<\/p>","protected":false},"featured_media":7400,"comment_status":"open","ping_status":"closed","template":"","meta":[],"_links":{"self":[{"href":"https:\/\/comercializadoraegs.com\/es\/wp-json\/wp\/v2\/product\/7396"}],"collection":[{"href":"https:\/\/comercializadoraegs.com\/es\/wp-json\/wp\/v2\/product"}],"about":[{"href":"https:\/\/comercializadoraegs.com\/es\/wp-json\/wp\/v2\/types\/product"}],"replies":[{"embeddable":true,"href":"https:\/\/comercializadoraegs.com\/es\/wp-json\/wp\/v2\/comments?post=7396"}],"version-history":[{"count":1,"href":"https:\/\/comercializadoraegs.com\/es\/wp-json\/wp\/v2\/product\/7396\/revisions"}],"predecessor-version":[{"id":13065,"href":"https:\/\/comercializadoraegs.com\/es\/wp-json\/wp\/v2\/product\/7396\/revisions\/13065"}],"wp:featuredmedia":[{"embeddable":true,"href":"https:\/\/comercializadoraegs.com\/es\/wp-json\/wp\/v2\/media\/7400"}],"wp:attachment":[{"href":"https:\/\/comercializadoraegs.com\/es\/wp-json\/wp\/v2\/media?parent=7396"}],"curies":[{"name":"wp","href":"https:\/\/api.w.org\/{rel}","templated":true}]}}