{"id":7537,"date":"2021-05-17T21:02:06","date_gmt":"2021-05-17T21:02:06","guid":{"rendered":"https:\/\/comercializadoraegs.com\/?post_type=product&#038;p=7537"},"modified":"2022-02-11T17:41:53","modified_gmt":"2022-02-11T17:41:53","slug":"mufa-roscada-para-tubo","status":"publish","type":"product","link":"https:\/\/comercializadoraegs.com\/es\/product\/mufa-roscada-para-tubo\/","title":{"rendered":"MUFA ROSCADA PARA TUBO VOLTECH,  1 1\/4"},"content":{"rendered":"<p><strong>MUFA ROSCADA PARA TUBO<\/strong><\/p>\n<ul>\n<li>para kit CFE<\/li>\n<li>para instalaci\u00f3n de cableado el\u00e9ctrico y protecci\u00f3n contra agua y corto circuito<\/li>\n<\/ul>","protected":false},"excerpt":{"rendered":"<p>MUFA ROSCADA PARA TUBO para kit CFE para instalaci\u00f3n de cableado el\u00e9ctrico y protecci\u00f3n contra agua y corto circuito<\/p>","protected":false},"featured_media":7542,"comment_status":"open","ping_status":"closed","template":"","meta":[],"_links":{"self":[{"href":"https:\/\/comercializadoraegs.com\/es\/wp-json\/wp\/v2\/product\/7537"}],"collection":[{"href":"https:\/\/comercializadoraegs.com\/es\/wp-json\/wp\/v2\/product"}],"about":[{"href":"https:\/\/comercializadoraegs.com\/es\/wp-json\/wp\/v2\/types\/product"}],"replies":[{"embeddable":true,"href":"https:\/\/comercializadoraegs.com\/es\/wp-json\/wp\/v2\/comments?post=7537"}],"version-history":[{"count":1,"href":"https:\/\/comercializadoraegs.com\/es\/wp-json\/wp\/v2\/product\/7537\/revisions"}],"predecessor-version":[{"id":13116,"href":"https:\/\/comercializadoraegs.com\/es\/wp-json\/wp\/v2\/product\/7537\/revisions\/13116"}],"wp:featuredmedia":[{"embeddable":true,"href":"https:\/\/comercializadoraegs.com\/es\/wp-json\/wp\/v2\/media\/7542"}],"wp:attachment":[{"href":"https:\/\/comercializadoraegs.com\/es\/wp-json\/wp\/v2\/media?parent=7537"}],"curies":[{"name":"wp","href":"https:\/\/api.w.org\/{rel}","templated":true}]}}