{"id":7716,"date":"2021-05-19T20:32:17","date_gmt":"2021-05-19T20:32:17","guid":{"rendered":"https:\/\/comercializadoraegs.com\/?post_type=product&#038;p=7716"},"modified":"2021-05-19T20:32:18","modified_gmt":"2021-05-19T20:32:18","slug":"arreglo-queso-manchego-chipotle","status":"publish","type":"product","link":"https:\/\/comercializadoraegs.com\/es\/product\/arreglo-queso-manchego-chipotle\/","title":{"rendered":"ARREGLO QUESO MANCHEGO CHIPOTLE"},"content":{"rendered":"<p><strong>ARREGLON DEL QEUSITO DE EL QUESITO DE MAM\u00c1<\/strong><\/p>\n<h2>Contenido<\/h2>\n<ul>\n<li>2 Piezas de Queso manchego, chipotle, manchego cuaresme\u00f1o y epazote<\/li>\n<li>Galletas 500 Gramos<\/li>\n<li>At\u00fan<\/li>\n<li>Aceitunas<\/li>\n<\/ul>","protected":false},"excerpt":{"rendered":"<p>ARREGLON DEL QEUSITO DE EL QUESITO DE MAM\u00c1 Contenido 2 Piezas de Queso manchego, chipotle, manchego cuaresme\u00f1o y epazote Galletas 500 Gramos At\u00fan Aceitunas<\/p>","protected":false},"featured_media":7717,"comment_status":"open","ping_status":"closed","template":"","meta":[],"_links":{"self":[{"href":"https:\/\/comercializadoraegs.com\/es\/wp-json\/wp\/v2\/product\/7716"}],"collection":[{"href":"https:\/\/comercializadoraegs.com\/es\/wp-json\/wp\/v2\/product"}],"about":[{"href":"https:\/\/comercializadoraegs.com\/es\/wp-json\/wp\/v2\/types\/product"}],"replies":[{"embeddable":true,"href":"https:\/\/comercializadoraegs.com\/es\/wp-json\/wp\/v2\/comments?post=7716"}],"version-history":[{"count":0,"href":"https:\/\/comercializadoraegs.com\/es\/wp-json\/wp\/v2\/product\/7716\/revisions"}],"wp:featuredmedia":[{"embeddable":true,"href":"https:\/\/comercializadoraegs.com\/es\/wp-json\/wp\/v2\/media\/7717"}],"wp:attachment":[{"href":"https:\/\/comercializadoraegs.com\/es\/wp-json\/wp\/v2\/media?parent=7716"}],"curies":[{"name":"wp","href":"https:\/\/api.w.org\/{rel}","templated":true}]}}