{"id":9795,"date":"2021-06-10T20:36:41","date_gmt":"2021-06-10T20:36:41","guid":{"rendered":"https:\/\/comercializadoraegs.com\/?post_type=product&#038;p=9795"},"modified":"2022-02-14T16:24:32","modified_gmt":"2022-02-14T16:24:32","slug":"kit-teclado-mouse-easy-line","status":"publish","type":"product","link":"https:\/\/comercializadoraegs.com\/es\/product\/kit-teclado-mouse-easy-line\/","title":{"rendered":"KIT TECLADO &#8211; MOUSE EASY LINE"},"content":{"rendered":"<p>Teclado y Mouse Balance Easy Line EL-993391<\/p>\n<p>El kit de teclado y mouse Balance de Easy Line son perfectos para el uso diario por ser ligeros y resistentes ; su mouse dise\u00f1ado para ser usado tanto por usuarios zurdos como diestros ofrece adem\u00e1s una resoluci\u00f3n de 1000 DPI, su teclado cuenta con funciones multimedia y un dise\u00f1o sim\u00e9trico, simplemente la soluci\u00f3n perfecta para el hogar o la oficina.<\/p>","protected":false},"excerpt":{"rendered":"<p>Kit de teclado y mouse Easy Line EASY LINE, Negro, 1000 DPI<\/p>","protected":false},"featured_media":9796,"comment_status":"open","ping_status":"closed","template":"","meta":[],"_links":{"self":[{"href":"https:\/\/comercializadoraegs.com\/es\/wp-json\/wp\/v2\/product\/9795"}],"collection":[{"href":"https:\/\/comercializadoraegs.com\/es\/wp-json\/wp\/v2\/product"}],"about":[{"href":"https:\/\/comercializadoraegs.com\/es\/wp-json\/wp\/v2\/types\/product"}],"replies":[{"embeddable":true,"href":"https:\/\/comercializadoraegs.com\/es\/wp-json\/wp\/v2\/comments?post=9795"}],"version-history":[{"count":1,"href":"https:\/\/comercializadoraegs.com\/es\/wp-json\/wp\/v2\/product\/9795\/revisions"}],"predecessor-version":[{"id":13157,"href":"https:\/\/comercializadoraegs.com\/es\/wp-json\/wp\/v2\/product\/9795\/revisions\/13157"}],"wp:featuredmedia":[{"embeddable":true,"href":"https:\/\/comercializadoraegs.com\/es\/wp-json\/wp\/v2\/media\/9796"}],"wp:attachment":[{"href":"https:\/\/comercializadoraegs.com\/es\/wp-json\/wp\/v2\/media?parent=9795"}],"curies":[{"name":"wp","href":"https:\/\/api.w.org\/{rel}","templated":true}]}}